{"id":5479,"date":"2016-12-12T05:23:50","date_gmt":"2016-12-12T05:23:50","guid":{"rendered":"http:\/\/192.168.0.101\/user13\/wordpress\/Bigshopper_fullwidth\/?page_id=5479"},"modified":"2021-05-31T22:53:25","modified_gmt":"2021-05-31T22:53:25","slug":"map-contact","status":"publish","type":"page","link":"https:\/\/safetysignalsenalamientos.com\/?page_id=5479","title":{"rendered":"Contacto"},"content":{"rendered":"<p>[vc_row el_class=&#8221;theme-container&#8221;][vc_column width=&#8221;1\/2&#8243;][vc_gmaps link=&#8221;#E-8_JTNDaWZyYW1lJTIwc3JjJTNEJTIyaHR0cHMlM0ElMkYlMkZ3d3cuZ29vZ2xlLmNvbSUyRm1hcHMlMkZlbWJlZCUzRnBiJTNEJTIxMW0xOCUyMTFtMTIlMjExbTMlMjExZDM3NjUuOTA1NDY0MDI2OTYlMjEyZC05OS42Mjc1MjY1ODUyNjY4NSUyMTNkMTkuMjg2NDc2ODg2OTY3NTI3JTIxMm0zJTIxMWYwJTIxMmYwJTIxM2YwJTIxM20yJTIxMWkxMDI0JTIxMmk3NjglMjE0ZjEzLjElMjEzbTMlMjExbTIlMjExczB4ODVjZDhhMjMwZjQxMWZlNyUyNTNBMHhmNWUyYTdiNTU2NzY4MmFjJTIxMnNCYWglMjVDMyUyNUFEYSUyNTIwZGUlMjUyMFRvZG9zJTI1MjBMb3MlMjUyMFNhbnRvcyUyNTIwMTIxJTI1MkMlMjUyMERlbGVnYWNpJTI1QzMlMjVCM24lMjUyMFN0YSUyNTIwQW5hJTI1MjBUbGFwYWx0aXRsJTI1QzMlMjVBMW4lMjUyQyUyNTIwNTAxNjAlMjUyMFRvbHVjYSUyNTIwZGUlMjUyMExlcmRvJTI1MkMlMjUyME0lMjVDMyUyNUE5eC4lMjE1ZTAlMjEzbTIlMjExc2VzLTQxOSUyMTJzbXglMjE0djE2MTkyMTEyMjU0NjQlMjE1bTIlMjExc2VzLTQxOSUyMTJzbXglMjIlMjB3aWR0aCUzRCUyMjYwMCUyMiUyMGhlaWdodCUzRCUyMjQ1MCUyMiUyMHN0eWxlJTNEJTIyYm9yZGVyJTNBMCUzQiUyMiUyMGFsbG93ZnVsbHNjcmVlbiUzRCUyMiUyMiUyMGxvYWRpbmclM0QlMjJsYXp5JTIyJTNFJTNDJTJGaWZyYW1lJTNF&#8221; el_class=&#8221;google-map&#8221;][\/vc_column][vc_column width=&#8221;1\/2&#8243; css=&#8221;.vc_custom_1619128790405{margin-left: 15px !important;}&#8221;][vc_column_text css=&#8221;.vc_custom_1619211142600{padding-top: 15px !important;}&#8221;]<\/p>\n<div class=\"address-text first\">\n<div class=\"address-text-inner\">\n<div class=\"content\">\n<div class=\"address-label\"><strong>Direcci\u00f3n:<br \/>\nToluca<br \/>\n<\/strong>Bah\u00eda De Todos Los Santos 121 Col. Santa Ana Tlapaltitlan CP 50160<br \/>\n<strong>Quer\u00e9taro<\/strong><\/div>\n<div><strong>Av. 5 de febrero 1305, Col. Felipe Carrillo Puerto, Plaza M\u00e9xico, Santiago de Quer\u00e9taro, Qro. 76138<\/strong><\/div>\n<\/div>\n<\/div>\n<\/div>\n<p>[\/vc_column_text][vc_column_text]<\/p>\n<div class=\"address-text first\">\n<div class=\"address-text-inner\">\n<div class=\"content\">\n<div class=\"address-label\"><strong>Tel\u00e9fonos:<br \/>\n<\/strong>722 212 7047<br \/>\n722 581 0138<br \/>\n<strong>Quer\u00e9taro<br \/>\n<\/strong>442 24 41 018<strong><br \/>\n<\/strong><\/div>\n<\/div>\n<\/div>\n<\/div>\n<p>[\/vc_column_text][vc_column_text css=&#8221;.vc_custom_1622501578000{padding-top: 15px !important;}&#8221;]<\/p>\n<div class=\"address-text first\">\n<div class=\"address-text-inner\">\n<div class=\"content\">\n<div class=\"address-label\"><strong>Correos:<br \/>\n<\/strong><a href=\"mailto:ceo@safetysignalsenalamientos.com\">ceo@safetysignalsenalamientos.com<\/a><br \/>\n<a href=\"mailto:direccion@safetysignalsenalamientos.com\">direccion@safetysignalsenalamientos.com<\/a><\/div>\n<\/div>\n<\/div>\n<\/div>\n<p>[\/vc_column_text][\/vc_column][\/vc_row]<\/p>\n","protected":false},"excerpt":{"rendered":"<p>[vc_row el_class=&#8221;theme-container&#8221;][vc_column width=&#8221;1\/2&#8243;][vc_gmaps link=&#8221;#E-8_JTNDaWZyYW1lJTIwc3JjJTNEJTIyaHR0cHMlM0ElMkYlMkZ3d3cuZ29vZ2xlLmNvbSUyRm1hcHMlMkZlbWJlZCUzRnBiJTNEJTIxMW0xOCUyMTFtMTIlMjExbTMlMjExZDM3NjUuOTA1NDY0MDI2OTYlMjEyZC05OS42Mjc1MjY1ODUyNjY4NSUyMTNkMTkuMjg2NDc2ODg2OTY3NTI3JTIxMm0zJTIxMWYwJTIxMmYwJTIxM2YwJTIxM20yJTIxMWkxMDI0JTIxMmk3NjglMjE0ZjEzLjElMjEzbTMlMjExbTIlMjExczB4ODVjZDhhMjMwZjQxMWZlNyUyNTNBMHhmNWUyYTdiNTU2NzY4MmFjJTIxMnNCYWglMjVDMyUyNUFEYSUyNTIwZGUlMjUyMFRvZG9zJTI1MjBMb3MlMjUyMFNhbnRvcyUyNTIwMTIxJTI1MkMlMjUyMERlbGVnYWNpJTI1QzMlMjVCM24lMjUyMFN0YSUyNTIwQW5hJTI1MjBUbGFwYWx0aXRsJTI1QzMlMjVBMW4lMjUyQyUyNTIwNTAxNjAlMjUyMFRvbHVjYSUyNTIwZGUlMjUyMExlcmRvJTI1MkMlMjUyME0lMjVDMyUyNUE5eC4lMjE1ZTAlMjEzbTIlMjExc2VzLTQxOSUyMTJzbXglMjE0djE2MTkyMTEyMjU0NjQlMjE1bTIlMjExc2VzLTQxOSUyMTJzbXglMjIlMjB3aWR0aCUzRCUyMjYwMCUyMiUyMGhlaWdodCUzRCUyMjQ1MCUyMiUyMHN0eWxlJTNEJTIyYm9yZGVyJTNBMCUzQiUyMiUyMGFsbG93ZnVsbHNjcmVlbiUzRCUyMiUyMiUyMGxvYWRpbmclM0QlMjJsYXp5JTIyJTNFJTNDJTJGaWZyYW1lJTNF&#8221; el_class=&#8221;google-map&#8221;][\/vc_column][vc_column width=&#8221;1\/2&#8243; css=&#8221;.vc_custom_1619128790405{margin-left: 15px !important;}&#8221;][vc_column_text css=&#8221;.vc_custom_1619211142600{padding-top: 15px !important;}&#8221;] Direcci\u00f3n: Toluca Bah\u00eda De Todos Los Santos 121 Col. Santa Ana Tlapaltitlan CP 50160 Quer\u00e9taro Av. 5 de febrero 1305, Col. Felipe Carrillo Puerto, Plaza M\u00e9xico, Santiago de Quer\u00e9taro, Qro. 76138 [\/vc_column_text][vc_column_text] Tel\u00e9fonos: 722 212 7047 722 581 0138 Quer\u00e9taro 442 24 41 [&hellip;]<\/p>\n","protected":false},"author":1,"featured_media":0,"parent":0,"menu_order":0,"comment_status":"closed","ping_status":"closed","template":"","meta":{"spay_email":""},"yoast_head":"<!-- This site is optimized with the Yoast SEO plugin v14.8.1 - https:\/\/yoast.com\/wordpress\/plugins\/seo\/ -->\n<title>Contacto - Safetysignal<\/title>\n<meta name=\"robots\" content=\"index, follow\" \/>\n<meta name=\"googlebot\" content=\"index, follow, max-snippet:-1, max-image-preview:large, max-video-preview:-1\" \/>\n<meta name=\"bingbot\" content=\"index, follow, max-snippet:-1, max-image-preview:large, max-video-preview:-1\" \/>\n<link rel=\"canonical\" href=\"https:\/\/safetysignalsenalamientos.com\/?page_id=5479\" \/>\n<meta property=\"og:locale\" content=\"es_MX\" \/>\n<meta property=\"og:type\" content=\"article\" \/>\n<meta property=\"og:title\" content=\"Contacto - Safetysignal\" \/>\n<meta property=\"og:description\" content=\"[vc_row el_class=&#8221;theme-container&#8221;][vc_column width=&#8221;1\/2&#8243;][vc_gmaps link=&#8221;#E-8_JTNDaWZyYW1lJTIwc3JjJTNEJTIyaHR0cHMlM0ElMkYlMkZ3d3cuZ29vZ2xlLmNvbSUyRm1hcHMlMkZlbWJlZCUzRnBiJTNEJTIxMW0xOCUyMTFtMTIlMjExbTMlMjExZDM3NjUuOTA1NDY0MDI2OTYlMjEyZC05OS42Mjc1MjY1ODUyNjY4NSUyMTNkMTkuMjg2NDc2ODg2OTY3NTI3JTIxMm0zJTIxMWYwJTIxMmYwJTIxM2YwJTIxM20yJTIxMWkxMDI0JTIxMmk3NjglMjE0ZjEzLjElMjEzbTMlMjExbTIlMjExczB4ODVjZDhhMjMwZjQxMWZlNyUyNTNBMHhmNWUyYTdiNTU2NzY4MmFjJTIxMnNCYWglMjVDMyUyNUFEYSUyNTIwZGUlMjUyMFRvZG9zJTI1MjBMb3MlMjUyMFNhbnRvcyUyNTIwMTIxJTI1MkMlMjUyMERlbGVnYWNpJTI1QzMlMjVCM24lMjUyMFN0YSUyNTIwQW5hJTI1MjBUbGFwYWx0aXRsJTI1QzMlMjVBMW4lMjUyQyUyNTIwNTAxNjAlMjUyMFRvbHVjYSUyNTIwZGUlMjUyMExlcmRvJTI1MkMlMjUyME0lMjVDMyUyNUE5eC4lMjE1ZTAlMjEzbTIlMjExc2VzLTQxOSUyMTJzbXglMjE0djE2MTkyMTEyMjU0NjQlMjE1bTIlMjExc2VzLTQxOSUyMTJzbXglMjIlMjB3aWR0aCUzRCUyMjYwMCUyMiUyMGhlaWdodCUzRCUyMjQ1MCUyMiUyMHN0eWxlJTNEJTIyYm9yZGVyJTNBMCUzQiUyMiUyMGFsbG93ZnVsbHNjcmVlbiUzRCUyMiUyMiUyMGxvYWRpbmclM0QlMjJsYXp5JTIyJTNFJTNDJTJGaWZyYW1lJTNF&#8221; el_class=&#8221;google-map&#8221;][\/vc_column][vc_column width=&#8221;1\/2&#8243; css=&#8221;.vc_custom_1619128790405{margin-left: 15px !important;}&#8221;][vc_column_text css=&#8221;.vc_custom_1619211142600{padding-top: 15px !important;}&#8221;] Direcci\u00f3n: Toluca Bah\u00eda De Todos Los Santos 121 Col. Santa Ana Tlapaltitlan CP 50160 Quer\u00e9taro Av. 5 de febrero 1305, Col. Felipe Carrillo Puerto, Plaza M\u00e9xico, Santiago de Quer\u00e9taro, Qro. 76138 [\/vc_column_text][vc_column_text] Tel\u00e9fonos: 722 212 7047 722 581 0138 Quer\u00e9taro 442 24 41 [&hellip;]\" \/>\n<meta property=\"og:url\" content=\"https:\/\/safetysignalsenalamientos.com\/?page_id=5479\" \/>\n<meta property=\"og:site_name\" content=\"Safetysignal\" \/>\n<meta property=\"article:modified_time\" content=\"2021-05-31T22:53:25+00:00\" \/>\n<meta name=\"twitter:card\" content=\"summary_large_image\" \/>\n<script type=\"application\/ld+json\" class=\"yoast-schema-graph\">{\"@context\":\"https:\/\/schema.org\",\"@graph\":[{\"@type\":\"WebSite\",\"@id\":\"https:\/\/safetysignalsenalamientos.com\/#website\",\"url\":\"https:\/\/safetysignalsenalamientos.com\/\",\"name\":\"Safetysignal\",\"description\":\"Sitio de Safetysignal\",\"potentialAction\":[{\"@type\":\"SearchAction\",\"target\":\"https:\/\/safetysignalsenalamientos.com\/?s={search_term_string}\",\"query-input\":\"required name=search_term_string\"}],\"inLanguage\":\"es-MX\"},{\"@type\":\"WebPage\",\"@id\":\"https:\/\/safetysignalsenalamientos.com\/?page_id=5479#webpage\",\"url\":\"https:\/\/safetysignalsenalamientos.com\/?page_id=5479\",\"name\":\"Contacto - Safetysignal\",\"isPartOf\":{\"@id\":\"https:\/\/safetysignalsenalamientos.com\/#website\"},\"datePublished\":\"2016-12-12T05:23:50+00:00\",\"dateModified\":\"2021-05-31T22:53:25+00:00\",\"inLanguage\":\"es-MX\",\"potentialAction\":[{\"@type\":\"ReadAction\",\"target\":[\"https:\/\/safetysignalsenalamientos.com\/?page_id=5479\"]}]}]}<\/script>\n<!-- \/ Yoast SEO plugin. -->","_links":{"self":[{"href":"https:\/\/safetysignalsenalamientos.com\/index.php?rest_route=\/wp\/v2\/pages\/5479"}],"collection":[{"href":"https:\/\/safetysignalsenalamientos.com\/index.php?rest_route=\/wp\/v2\/pages"}],"about":[{"href":"https:\/\/safetysignalsenalamientos.com\/index.php?rest_route=\/wp\/v2\/types\/page"}],"author":[{"embeddable":true,"href":"https:\/\/safetysignalsenalamientos.com\/index.php?rest_route=\/wp\/v2\/users\/1"}],"replies":[{"embeddable":true,"href":"https:\/\/safetysignalsenalamientos.com\/index.php?rest_route=%2Fwp%2Fv2%2Fcomments&post=5479"}],"version-history":[{"count":31,"href":"https:\/\/safetysignalsenalamientos.com\/index.php?rest_route=\/wp\/v2\/pages\/5479\/revisions"}],"predecessor-version":[{"id":14506,"href":"https:\/\/safetysignalsenalamientos.com\/index.php?rest_route=\/wp\/v2\/pages\/5479\/revisions\/14506"}],"wp:attachment":[{"href":"https:\/\/safetysignalsenalamientos.com\/index.php?rest_route=%2Fwp%2Fv2%2Fmedia&parent=5479"}],"curies":[{"name":"wp","href":"https:\/\/api.w.org\/{rel}","templated":true}]}}