{"id":11795,"date":"2021-03-17T01:20:03","date_gmt":"2021-03-17T01:20:03","guid":{"rendered":"http:\/\/rafmx.com\/sitios\/safetysignal\/?post_type=product&#038;p=11795"},"modified":"2024-04-09T20:44:23","modified_gmt":"2024-04-09T20:44:23","slug":"sr-8-inspeccion","status":"publish","type":"product","link":"https:\/\/safetysignalsenalamientos.com\/?product=sr-8-inspeccion","title":{"rendered":"SR-8 INSPECCION"},"content":{"rendered":"<p><strong>LEYENDA<\/strong><\/p>\n<p>Este producto tambi\u00e9n lo puedes adquirir en vinil <strong>grado ingenier\u00eda<\/strong>, llama al <strong>7225810138<\/strong><\/p>\n<p>Este producto tambi\u00e9n lo puedes adquirir en <strong>vinil diamante<\/strong>, llama al <strong>7225810138<\/strong><\/p>\n","protected":false},"excerpt":{"rendered":"<p>LEYENDA Este producto tambi\u00e9n lo puedes adquirir en vinil grado ingenier\u00eda, llama al 7225810138 Este producto tambi\u00e9n lo puedes adquirir en vinil diamante, llama al 7225810138<\/p>\n","protected":false},"featured_media":11796,"comment_status":"closed","ping_status":"closed","template":"","meta":{"spay_email":""},"yoast_head":"<!-- This site is optimized with the Yoast SEO plugin v14.8.1 - https:\/\/yoast.com\/wordpress\/plugins\/seo\/ -->\n<title>SR-8 INSPECCION - Safetysignal<\/title>\n<meta name=\"robots\" content=\"index, follow\" \/>\n<meta name=\"googlebot\" content=\"index, follow, max-snippet:-1, max-image-preview:large, max-video-preview:-1\" \/>\n<meta name=\"bingbot\" content=\"index, follow, max-snippet:-1, max-image-preview:large, max-video-preview:-1\" \/>\n<link rel=\"canonical\" href=\"https:\/\/safetysignalsenalamientos.com\/?product=sr-8-inspeccion\" \/>\n<meta property=\"og:locale\" content=\"es_MX\" \/>\n<meta property=\"og:type\" content=\"article\" \/>\n<meta property=\"og:title\" content=\"SR-8 INSPECCION - Safetysignal\" \/>\n<meta property=\"og:description\" content=\"LEYENDA Este producto tambi\u00e9n lo puedes adquirir en vinil grado ingenier\u00eda, llama al 7225810138 Este producto tambi\u00e9n lo puedes adquirir en vinil diamante, llama al 7225810138\" \/>\n<meta property=\"og:url\" content=\"https:\/\/safetysignalsenalamientos.com\/?product=sr-8-inspeccion\" \/>\n<meta property=\"og:site_name\" content=\"Safetysignal\" \/>\n<meta property=\"article:modified_time\" content=\"2024-04-09T20:44:23+00:00\" \/>\n<meta property=\"og:image\" content=\"https:\/\/safetysignalsenalamientos.com\/wp-content\/uploads\/2021\/03\/0075-sr-8-inspeccion.png\" \/>\n\t<meta property=\"og:image:width\" content=\"1249\" \/>\n\t<meta property=\"og:image:height\" content=\"1249\" \/>\n<meta name=\"twitter:card\" content=\"summary_large_image\" \/>\n<script type=\"application\/ld+json\" class=\"yoast-schema-graph\">{\"@context\":\"https:\/\/schema.org\",\"@graph\":[{\"@type\":\"WebSite\",\"@id\":\"https:\/\/safetysignalsenalamientos.com\/#website\",\"url\":\"https:\/\/safetysignalsenalamientos.com\/\",\"name\":\"Safetysignal\",\"description\":\"Sitio de Safetysignal\",\"potentialAction\":[{\"@type\":\"SearchAction\",\"target\":\"https:\/\/safetysignalsenalamientos.com\/?s={search_term_string}\",\"query-input\":\"required name=search_term_string\"}],\"inLanguage\":\"es-MX\"},{\"@type\":\"ImageObject\",\"@id\":\"https:\/\/safetysignalsenalamientos.com\/?product=sr-8-inspeccion#primaryimage\",\"inLanguage\":\"es-MX\",\"url\":\"https:\/\/safetysignalsenalamientos.com\/wp-content\/uploads\/2021\/03\/0075-sr-8-inspeccion.png\",\"width\":1249,\"height\":1249},{\"@type\":\"WebPage\",\"@id\":\"https:\/\/safetysignalsenalamientos.com\/?product=sr-8-inspeccion#webpage\",\"url\":\"https:\/\/safetysignalsenalamientos.com\/?product=sr-8-inspeccion\",\"name\":\"SR-8 INSPECCION - Safetysignal\",\"isPartOf\":{\"@id\":\"https:\/\/safetysignalsenalamientos.com\/#website\"},\"primaryImageOfPage\":{\"@id\":\"https:\/\/safetysignalsenalamientos.com\/?product=sr-8-inspeccion#primaryimage\"},\"datePublished\":\"2021-03-17T01:20:03+00:00\",\"dateModified\":\"2024-04-09T20:44:23+00:00\",\"inLanguage\":\"es-MX\",\"potentialAction\":[{\"@type\":\"ReadAction\",\"target\":[\"https:\/\/safetysignalsenalamientos.com\/?product=sr-8-inspeccion\"]}]}]}<\/script>\n<!-- \/ Yoast SEO plugin. -->","_links":{"self":[{"href":"https:\/\/safetysignalsenalamientos.com\/index.php?rest_route=\/wp\/v2\/product\/11795"}],"collection":[{"href":"https:\/\/safetysignalsenalamientos.com\/index.php?rest_route=\/wp\/v2\/product"}],"about":[{"href":"https:\/\/safetysignalsenalamientos.com\/index.php?rest_route=\/wp\/v2\/types\/product"}],"replies":[{"embeddable":true,"href":"https:\/\/safetysignalsenalamientos.com\/index.php?rest_route=%2Fwp%2Fv2%2Fcomments&post=11795"}],"wp:featuredmedia":[{"embeddable":true,"href":"https:\/\/safetysignalsenalamientos.com\/index.php?rest_route=\/wp\/v2\/media\/11796"}],"wp:attachment":[{"href":"https:\/\/safetysignalsenalamientos.com\/index.php?rest_route=%2Fwp%2Fv2%2Fmedia&parent=11795"}],"curies":[{"name":"wp","href":"https:\/\/api.w.org\/{rel}","templated":true}]}}